{"id":2470,"date":"2023-08-25T21:18:54","date_gmt":"2023-08-25T21:18:54","guid":{"rendered":"https:\/\/www.healthydrinks.com.ec\/?page_id=2470"},"modified":"2023-08-28T21:28:31","modified_gmt":"2023-08-28T21:28:31","slug":"politica-de-entregas","status":"publish","type":"page","link":"https:\/\/www.healthydrinks.com.ec\/en\/politica-de-entregas\/","title":{"rendered":"Pol\u00edtica de Entregas"},"content":{"rendered":"<div class=\"gb-container gb-container-dc35f1d0\">\n\n<div class=\"wp-block-uagb-info-box uagb-block-39bb222a uagb-infobox__content-wrap  uagb-infobox-icon-above-title uagb-infobox-image-valign-top\"><div class=\"uagb-ifb-content\"><div class=\"uagb-ifb-title-wrap\"><h2 class=\"uagb-ifb-title\"><strong>COSTO DE ENV\u00cdO:<\/strong><\/h2><\/div><p class=\"uagb-ifb-desc\">El env\u00edo no tiene ning\u00fan costo adicional. Los env\u00edos ser\u00e1n realizados \u00fanicamente dentro del per\u00edmetro de rutas de HEALTHYDRINKS S.A. El pedido m\u00ednimo es 1 caja.<br><\/p><\/div><\/div>\n\n<\/div>\n\n\n<div class=\"wp-block-uagb-info-box uagb-block-6dbfc363 uagb-infobox__content-wrap  uagb-infobox-icon-above-title uagb-infobox-image-valign-top\"><div class=\"uagb-ifb-content\"><div class=\"uagb-ifb-title-wrap\"><h2 class=\"uagb-ifb-title\"><strong>COBERTURA:<\/strong><\/h2><\/div><p class=\"uagb-ifb-desc\">Todos los pedidos que se entreguen a domicilio tendr\u00e1n lugar dentro del territorio ecuatoriano y estar\u00e1n sujetos a la cobertura del operador log\u00edstico. Los tiempos de entrega variar\u00e1n seg\u00fan el d\u00eda que se realice el pedido y las rutas que tenga HEALTHYDRINKS S.A.<br><br>El pedido se entregar\u00e1 al CLIENTE o destinatario cuyos datos personales y direcci\u00f3n se hayan registrado en el sitio web&nbsp;<a href=\"http:\/\/www.healthydrinks.com.ec\/en\/\">www.healthydrinks.com.ec<\/a>&nbsp;al momento de finalizar la compra. Se considerar\u00e1 un env\u00edo exitoso una vez que EL CLIENTE o autorizado, en oportunidad de la recepci\u00f3n del o los art\u00edculos adquiridos, firme el recibo de entrega correspondiente, consignando su nombre y documento de identidad, as\u00ed como haber examinado los mismos, por lo que implica su conformidad con los productos recibidos, en cuanto a cantidad, calidad y estado en que se encuentran.<br><br>Si EL USUARIO o persona que recibe el pedido no estuviese presente en el domicilio de destino, el proveedor log\u00edstico deber\u00e1 contactar al cliente v\u00eda telef\u00f3nica con el fin de concertar una nueva entrega, la cual tendr\u00e1 cargos adicionales por transportar el pedido a las bodegas de HEALTHYDRINKS S.A. y nuevamente al domicilio del cliente.<br><br>EL CLIENTE deber\u00e1 comprobar el buen estado del paquete ante el transportista que, por cuenta de HEALTHYDRINKS, realice la entrega del producto solicitado, aceptando con la firma del recibido que estos no tienen novedades. Si, posteriormente, una vez revisado el producto, EL CLIENTE detectase cualquier incidencia como golpe, rotura, indicios de haber sido abierto o cualquier desperfecto causado en este por el env\u00edo, este se compromete a comunicarlo a HEALTHYDRINKS v\u00eda mail, tel\u00e9fono o WhatsApp publicados en la p\u00e1gina web en el menor plazo de tiempo posible, antes de las siguientes 24 horas desde la entrega. A partir de ese momento no se atender\u00e1n incidencias por ese tipo (\u00fanicamente piezas en garant\u00eda).<\/p><\/div><\/div>\n\n\n<div class=\"gb-container gb-container-70507dac\">\n\n<div class=\"wp-block-uagb-info-box uagb-block-b64c7c3e uagb-infobox__content-wrap  uagb-infobox-icon-above-title uagb-infobox-image-valign-top\"><div class=\"uagb-ifb-content\"><div class=\"uagb-ifb-title-wrap\"><h2 class=\"uagb-ifb-title\"><strong>DESISTIMIENTOS:<\/strong><\/h2><\/div><p class=\"uagb-ifb-desc\">Una vez confirmada(s) la(s) orden(es) de compra, HEALTHYDRINKS no aceptar\u00e1 bajo ning\u00fan concepto cancelaciones de pedidos cuando sean solicitados antes o despu\u00e9s de la entrega.<\/p><\/div><\/div>\n\n<\/div>","protected":false},"excerpt":{"rendered":"","protected":false},"author":1,"featured_media":0,"parent":0,"menu_order":0,"comment_status":"closed","ping_status":"closed","template":"","meta":{"_uag_custom_page_level_css":"","ub_ctt_via":"","footnotes":""},"class_list":["post-2470","page","type-page","status-publish"],"featured_image_urls":{"full":"","thumbnail":"","medium":"","medium_large":"","large":"","1536x1536":"","2048x2048":"","trp-custom-language-flag":"","woocommerce_thumbnail":"","woocommerce_single":"","woocommerce_gallery_thumbnail":""},"post_excerpt_stackable":"<p>COSTO DE ENV\u00cdO:El env\u00edo no tiene ning\u00fan costo adicional. Los env\u00edos ser\u00e1n realizados \u00fanicamente dentro del per\u00edmetro de rutas de HEALTHYDRINKS S.A. El pedido m\u00ednimo es 1 caja. COBERTURA:Todos los pedidos que se entreguen a domicilio tendr\u00e1n lugar dentro del territorio ecuatoriano y estar\u00e1n sujetos a la cobertura del operador log\u00edstico. Los tiempos de entrega variar\u00e1n seg\u00fan el d\u00eda que se realice el pedido y las rutas que tenga HEALTHYDRINKS S.A.El pedido se entregar\u00e1 al CLIENTE o destinatario cuyos datos personales y direcci\u00f3n se hayan registrado en el sitio web&nbsp;www.healthydrinks.com.ec&nbsp;al momento de finalizar la compra. Se considerar\u00e1 un env\u00edo exitoso&hellip;<\/p>\n","category_list":"","author_info":{"name":"darkyx","url":"https:\/\/www.healthydrinks.com.ec\/en\/author\/darkyx\/"},"comments_num":"0 comments","featured_image_src":null,"uagb_featured_image_src":{"full":false,"thumbnail":false,"medium":false,"medium_large":false,"large":false,"1536x1536":false,"2048x2048":false,"trp-custom-language-flag":false,"woocommerce_thumbnail":false,"woocommerce_single":false,"woocommerce_gallery_thumbnail":false},"uagb_author_info":{"display_name":"darkyx","author_link":"https:\/\/www.healthydrinks.com.ec\/en\/author\/darkyx\/"},"uagb_comment_info":0,"uagb_excerpt":null,"_links":{"self":[{"href":"https:\/\/www.healthydrinks.com.ec\/en\/wp-json\/wp\/v2\/pages\/2470","targetHints":{"allow":["GET"]}}],"collection":[{"href":"https:\/\/www.healthydrinks.com.ec\/en\/wp-json\/wp\/v2\/pages"}],"about":[{"href":"https:\/\/www.healthydrinks.com.ec\/en\/wp-json\/wp\/v2\/types\/page"}],"author":[{"embeddable":true,"href":"https:\/\/www.healthydrinks.com.ec\/en\/wp-json\/wp\/v2\/users\/1"}],"replies":[{"embeddable":true,"href":"https:\/\/www.healthydrinks.com.ec\/en\/wp-json\/wp\/v2\/comments?post=2470"}],"version-history":[{"count":0,"href":"https:\/\/www.healthydrinks.com.ec\/en\/wp-json\/wp\/v2\/pages\/2470\/revisions"}],"wp:attachment":[{"href":"https:\/\/www.healthydrinks.com.ec\/en\/wp-json\/wp\/v2\/media?parent=2470"}],"curies":[{"name":"wp","href":"https:\/\/api.w.org\/{rel}","templated":true}]}}