{"id":2737,"date":"2023-09-04T20:13:53","date_gmt":"2023-09-04T20:13:53","guid":{"rendered":"https:\/\/www.healthydrinks.com.ec\/?page_id=2737"},"modified":"2023-09-05T14:42:59","modified_gmt":"2023-09-05T14:42:59","slug":"rutas-de-jucy","status":"publish","type":"page","link":"https:\/\/www.healthydrinks.com.ec\/en\/rutas-de-jucy\/","title":{"rendered":"Rutas de Jucy"},"content":{"rendered":"<div class=\"wp-block-stackable-columns stk-block-columns stk-block stk-8ae00db\" data-block-id=\"8ae00db\"><div class=\"stk-row stk-inner-blocks stk-block-content stk-content-align stk-8ae00db-column\">\n<div class=\"wp-block-stackable-column stk-block-column stk-block-column--v3 stk-column stk-block-column--v2 stk-block stk-2d9b2a5\" data-block-id=\"2d9b2a5\"><style>@media screen and (min-width:768px){.stk-2d9b2a5{flex:1 1 calc(15% - var(--stk-column-gap,0px) * 2 \/ 3 ) !important}}<\/style><div class=\"stk-column-wrapper stk-block-column__content stk-container stk-2d9b2a5-container stk--no-background stk--no-padding\"><div class=\"stk-block-content stk-inner-blocks stk-2d9b2a5-inner-blocks\"><\/div><\/div><\/div>\n\n\n\n<div class=\"wp-block-stackable-column stk-block-column stk-block-column--v3 stk-column stk-block-column--v2 stk-block stk-8e2bd02\" data-block-id=\"8e2bd02\"><style>@media screen and (min-width:768px){.stk-8e2bd02{flex:1 1 calc(70% - var(--stk-column-gap,0px) * 2 \/ 3 ) !important}}<\/style><div class=\"stk-column-wrapper stk-block-column__content stk-container stk-8e2bd02-container stk--no-background stk--no-padding\"><div class=\"stk-block-content stk-inner-blocks stk-8e2bd02-inner-blocks\"><div class=\"gb-container gb-container-13d2d176\">\n\n<figure class=\"wp-block-table\"><table><tbody><tr><td><strong>D\u00edas<\/strong><\/td><td><strong>Destinos<\/strong><\/td><\/tr><tr><td>Lunes<\/td><td>Guayas: Samborond\u00f3n ; Guayaquil Centro y Sur ; Santo Domingo<\/td><\/tr><tr><td>Martes<\/td><td>Guayaquil Norte y V\u00eda a la Costa ; Cuenca<\/td><\/tr><tr><td>Mi\u00e9rcoles<\/td><td>Samborond\u00f3n ; Guayaquil Norte y V\u00eda a la Costa ; Manab\u00ed ; Quito<\/td><\/tr><tr><td>Jueves<\/td><td>Guayaquil Norte , Centro y Sur ; Quito ; La Pen\u00ednsula<\/td><\/tr><tr><td>Viernes<\/td><td>Samborond\u00f3n ; Guayaquil V\u00eda a la Costa ; El Oro<\/td><\/tr><\/tbody><\/table><\/figure>\n\n<\/div><\/div><\/div><\/div>\n\n\n\n<div class=\"wp-block-stackable-column stk-block-column stk-block-column--v3 stk-column stk-block-column--v2 stk-block stk-c55f958\" data-block-id=\"c55f958\"><style>@media screen and (min-width:768px){.stk-c55f958{flex:1 1 calc(15% - var(--stk-column-gap,0px) * 2 \/ 3 ) !important}}<\/style><div class=\"stk-column-wrapper stk-block-column__content stk-container stk-c55f958-container stk--no-background stk--no-padding\"><div class=\"stk-block-content stk-inner-blocks stk-c55f958-inner-blocks\"><\/div><\/div><\/div>\n<\/div><\/div>\n\n\n<div class=\"gb-container gb-container-91ad15c4\">\n\n<div class=\"wp-block-stackable-columns stk-block-columns stk-block stk-3c6bb5a\" data-block-id=\"3c6bb5a\"><div class=\"stk-row stk-inner-blocks stk-block-content stk-content-align stk-3c6bb5a-column\">\n<div class=\"wp-block-stackable-column stk-block-column stk-block-column--v3 stk-column stk-block-column--v2 stk-block stk-cb4882b\" data-block-id=\"cb4882b\"><style>@media screen and (min-width:768px){.stk-cb4882b{flex:1 1 calc(17.6% - var(--stk-column-gap,0px) * 2 \/ 3 ) !important}}<\/style><div class=\"stk-column-wrapper stk-block-column__content stk-container stk-cb4882b-container stk--no-background stk--no-padding\"><div class=\"stk-block-content stk-inner-blocks stk-cb4882b-inner-blocks\"><\/div><\/div><\/div>\n\n\n\n<div class=\"wp-block-stackable-column stk-block-column stk-block-column--v3 stk-column stk-block-column--v2 stk-block stk-2869882\" data-block-id=\"2869882\"><style>@media screen and (min-width:768px){.stk-2869882{flex:1 1 calc(64.8% - var(--stk-column-gap,0px) * 2 \/ 3 ) !important}}<\/style><div class=\"stk-column-wrapper stk-block-column__content stk-container stk-2869882-container stk--no-background stk--no-padding\"><div class=\"stk-block-content stk-inner-blocks stk-2869882-inner-blocks\"><div class=\"gb-container gb-container-94066bab\">\n\n<figure class=\"wp-block-table\"><table><tbody><tr><td><strong>Presentaciones<\/strong><\/td><td><strong>Unidades<\/strong><\/td><\/tr><tr><td>Presentaciones personales (240 , 355, 370 ml )<\/td><td>12 unidades <\/td><\/tr><tr><td>Presentaciones a partir de 1L (1L , 2L , 3L )<\/td><td>6 unidades por caja<\/td><\/tr><tr><td>Presentaciones por gal\u00f3n (5L)<\/td><td>se vende por unidad <\/td><\/tr><\/tbody><\/table><\/figure>\n\n<\/div><\/div><\/div><\/div>\n\n\n\n<div class=\"wp-block-stackable-column stk-block-column stk-block-column--v3 stk-column stk-block-column--v2 stk-block stk-f307a27\" data-block-id=\"f307a27\"><style>@media screen and (min-width:768px){.stk-f307a27{flex:1 1 calc(17.6% - var(--stk-column-gap,0px) * 2 \/ 3 ) !important}}<\/style><div class=\"stk-column-wrapper stk-block-column__content stk-container stk-f307a27-container stk--no-background stk--no-padding\"><div class=\"stk-block-content stk-inner-blocks stk-f307a27-inner-blocks\"><\/div><\/div><\/div>\n<\/div><\/div>\n\n<\/div>","protected":false},"excerpt":{"rendered":"<p>D\u00edas Destinos Lunes Guayas: Samborond\u00f3n ; Guayaquil Centro y Sur ; Santo Domingo Martes Guayaquil Norte y V\u00eda a la Costa ; Cuenca Mi\u00e9rcoles Samborond\u00f3n ; Guayaquil Norte y V\u00eda a la Costa ; Manab\u00ed ; Quito Jueves Guayaquil Norte , Centro y Sur ; Quito ; La Pen\u00ednsula Viernes Samborond\u00f3n ; Guayaquil V\u00eda a &#8230; <a title=\"Rutas de Jucy\" class=\"read-more\" href=\"https:\/\/www.healthydrinks.com.ec\/en\/rutas-de-jucy\/\" aria-label=\"More on Rutas de Jucy\">Read more<\/a><\/p>","protected":false},"author":1,"featured_media":0,"parent":0,"menu_order":0,"comment_status":"closed","ping_status":"closed","template":"","meta":{"_uag_custom_page_level_css":"","ub_ctt_via":"","footnotes":""},"class_list":["post-2737","page","type-page","status-publish"],"featured_image_urls":{"full":"","thumbnail":"","medium":"","medium_large":"","large":"","1536x1536":"","2048x2048":"","trp-custom-language-flag":"","woocommerce_thumbnail":"","woocommerce_single":"","woocommerce_gallery_thumbnail":""},"post_excerpt_stackable":"<p>D\u00edasDestinosLunesGuayas: Samborond\u00f3n ; Guayaquil Centro y Sur ; Santo DomingoMartesGuayaquil Norte y V\u00eda a la Costa ; CuencaMi\u00e9rcolesSamborond\u00f3n ; Guayaquil Norte y V\u00eda a la Costa ; Manab\u00ed ; QuitoJuevesGuayaquil Norte , Centro y Sur ; Quito ; La Pen\u00ednsulaViernesSamborond\u00f3n ; Guayaquil V\u00eda a la Costa ; El Oro PresentacionesUnidadesPresentaciones personales (240 , 355, 370 ml )12 unidades Presentaciones a partir de 1L (1L , 2L , 3L )6 unidades por cajaPresentaciones por gal\u00f3n (5L)se vende por unidad<\/p>\n","category_list":"","author_info":{"name":"darkyx","url":"https:\/\/www.healthydrinks.com.ec\/en\/author\/darkyx\/"},"comments_num":"0 comments","featured_image_src":null,"uagb_featured_image_src":{"full":false,"thumbnail":false,"medium":false,"medium_large":false,"large":false,"1536x1536":false,"2048x2048":false,"trp-custom-language-flag":false,"woocommerce_thumbnail":false,"woocommerce_single":false,"woocommerce_gallery_thumbnail":false},"uagb_author_info":{"display_name":"darkyx","author_link":"https:\/\/www.healthydrinks.com.ec\/en\/author\/darkyx\/"},"uagb_comment_info":0,"uagb_excerpt":"D\u00edas Destinos Lunes Guayas: Samborond\u00f3n ; Guayaquil Centro y Sur ; Santo Domingo Martes Guayaquil Norte y V\u00eda a la Costa ; Cuenca Mi\u00e9rcoles Samborond\u00f3n ; Guayaquil Norte y V\u00eda a la Costa ; Manab\u00ed ; Quito Jueves Guayaquil Norte , Centro y Sur ; Quito ; La Pen\u00ednsula Viernes Samborond\u00f3n ; Guayaquil V\u00eda a&hellip;","_links":{"self":[{"href":"https:\/\/www.healthydrinks.com.ec\/en\/wp-json\/wp\/v2\/pages\/2737","targetHints":{"allow":["GET"]}}],"collection":[{"href":"https:\/\/www.healthydrinks.com.ec\/en\/wp-json\/wp\/v2\/pages"}],"about":[{"href":"https:\/\/www.healthydrinks.com.ec\/en\/wp-json\/wp\/v2\/types\/page"}],"author":[{"embeddable":true,"href":"https:\/\/www.healthydrinks.com.ec\/en\/wp-json\/wp\/v2\/users\/1"}],"replies":[{"embeddable":true,"href":"https:\/\/www.healthydrinks.com.ec\/en\/wp-json\/wp\/v2\/comments?post=2737"}],"version-history":[{"count":0,"href":"https:\/\/www.healthydrinks.com.ec\/en\/wp-json\/wp\/v2\/pages\/2737\/revisions"}],"wp:attachment":[{"href":"https:\/\/www.healthydrinks.com.ec\/en\/wp-json\/wp\/v2\/media?parent=2737"}],"curies":[{"name":"wp","href":"https:\/\/api.w.org\/{rel}","templated":true}]}}