{"id":2402,"date":"2023-08-08T21:51:39","date_gmt":"2023-08-08T21:51:39","guid":{"rendered":"https:\/\/www.healthydrinks.com.ec\/?post_type=product&#038;p=2402"},"modified":"2025-10-21T14:58:06","modified_gmt":"2025-10-21T14:58:06","slug":"frapelatte-320-ml-12-unidades","status":"publish","type":"product","link":"https:\/\/www.healthydrinks.com.ec\/en\/comprar\/frapelatte-320-ml-12-unidades\/","title":{"rendered":"FRAPELATTE 320 ml &#8211; 12 unidades"},"content":{"rendered":"<p>Este producto es una bebida l\u00e1ctea elaborada a base decaf\u00e9 inst\u00e1ntaeno soluble conservando todas sus caracter\u00edsticas propias. Es un producto no fermentado<\/p>","protected":false},"excerpt":{"rendered":"<p>Este producto es una bebida l\u00e1ctea elaborada a base decaf\u00e9 inst\u00e1ntaeno soluble conservando todas sus caracter\u00edsticas propias. Es un producto no fermentado<\/p>","protected":false},"featured_media":3562,"comment_status":"open","ping_status":"closed","template":"","meta":{"_uag_custom_page_level_css":"","ub_ctt_via":""},"product_cat":[15],"product_tag":[],"class_list":["post-2402","product","type-product","status-publish","has-post-thumbnail","hentry","product_cat-frappelatte","sales-flash-overlay","woocommerce-text-align-center","woocommerce-image-align-center","do-quantity-buttons"],"featured_image_urls":{"full":["https:\/\/www.healthydrinks.com.ec\/wp-content\/uploads\/2023\/08\/frappe320.jpg",1200,1200,false],"thumbnail":["https:\/\/www.healthydrinks.com.ec\/wp-content\/uploads\/2023\/08\/frappe320-150x150.jpg",150,150,true],"medium":["https:\/\/www.healthydrinks.com.ec\/wp-content\/uploads\/2023\/08\/frappe320-300x300.jpg",300,300,true],"medium_large":["https:\/\/www.healthydrinks.com.ec\/wp-content\/uploads\/2023\/08\/frappe320-768x768.jpg",768,768,true],"large":["https:\/\/www.healthydrinks.com.ec\/wp-content\/uploads\/2023\/08\/frappe320-1024x1024.jpg",1024,1024,true],"1536x1536":["https:\/\/www.healthydrinks.com.ec\/wp-content\/uploads\/2023\/08\/frappe320.jpg",1200,1200,false],"2048x2048":["https:\/\/www.healthydrinks.com.ec\/wp-content\/uploads\/2023\/08\/frappe320.jpg",1200,1200,false],"trp-custom-language-flag":["https:\/\/www.healthydrinks.com.ec\/wp-content\/uploads\/2023\/08\/frappe320-12x12.jpg",12,12,true],"woocommerce_thumbnail":["https:\/\/www.healthydrinks.com.ec\/wp-content\/uploads\/2023\/08\/frappe320.jpg",1200,1200,false],"woocommerce_single":["https:\/\/www.healthydrinks.com.ec\/wp-content\/uploads\/2023\/08\/frappe320.jpg",1200,1200,false],"woocommerce_gallery_thumbnail":["https:\/\/www.healthydrinks.com.ec\/wp-content\/uploads\/2023\/08\/frappe320-100x100.jpg",100,100,true]},"post_excerpt_stackable":"<p>Este producto es una bebida l\u00e1ctea elaborada a base decaf\u00e9 inst\u00e1ntaeno soluble conservando todas sus caracter\u00edsticas propias. Es un producto no fermentado<\/p>\n","category_list":"","author_info":{"name":"","url":""},"comments_num":"0 comments","uagb_featured_image_src":{"full":["https:\/\/www.healthydrinks.com.ec\/wp-content\/uploads\/2023\/08\/frappe320.jpg",1200,1200,false],"thumbnail":["https:\/\/www.healthydrinks.com.ec\/wp-content\/uploads\/2023\/08\/frappe320-150x150.jpg",150,150,true],"medium":["https:\/\/www.healthydrinks.com.ec\/wp-content\/uploads\/2023\/08\/frappe320-300x300.jpg",300,300,true],"medium_large":["https:\/\/www.healthydrinks.com.ec\/wp-content\/uploads\/2023\/08\/frappe320-768x768.jpg",768,768,true],"large":["https:\/\/www.healthydrinks.com.ec\/wp-content\/uploads\/2023\/08\/frappe320-1024x1024.jpg",1024,1024,true],"1536x1536":["https:\/\/www.healthydrinks.com.ec\/wp-content\/uploads\/2023\/08\/frappe320.jpg",1200,1200,false],"2048x2048":["https:\/\/www.healthydrinks.com.ec\/wp-content\/uploads\/2023\/08\/frappe320.jpg",1200,1200,false],"trp-custom-language-flag":["https:\/\/www.healthydrinks.com.ec\/wp-content\/uploads\/2023\/08\/frappe320-12x12.jpg",12,12,true],"woocommerce_thumbnail":["https:\/\/www.healthydrinks.com.ec\/wp-content\/uploads\/2023\/08\/frappe320.jpg",1200,1200,false],"woocommerce_single":["https:\/\/www.healthydrinks.com.ec\/wp-content\/uploads\/2023\/08\/frappe320.jpg",1200,1200,false],"woocommerce_gallery_thumbnail":["https:\/\/www.healthydrinks.com.ec\/wp-content\/uploads\/2023\/08\/frappe320-100x100.jpg",100,100,true]},"uagb_author_info":{"display_name":"darkyx","author_link":"https:\/\/www.healthydrinks.com.ec\/en\/author\/"},"uagb_comment_info":0,"uagb_excerpt":"Este producto es una bebida l\u00e1ctea elaborada a base decaf\u00e9 inst\u00e1ntaeno soluble conservando todas sus caracter\u00edsticas propias. Es un producto no fermentado","_links":{"self":[{"href":"https:\/\/www.healthydrinks.com.ec\/en\/wp-json\/wp\/v2\/product\/2402","targetHints":{"allow":["GET"]}}],"collection":[{"href":"https:\/\/www.healthydrinks.com.ec\/en\/wp-json\/wp\/v2\/product"}],"about":[{"href":"https:\/\/www.healthydrinks.com.ec\/en\/wp-json\/wp\/v2\/types\/product"}],"replies":[{"embeddable":true,"href":"https:\/\/www.healthydrinks.com.ec\/en\/wp-json\/wp\/v2\/comments?post=2402"}],"version-history":[{"count":0,"href":"https:\/\/www.healthydrinks.com.ec\/en\/wp-json\/wp\/v2\/product\/2402\/revisions"}],"wp:featuredmedia":[{"embeddable":true,"href":"https:\/\/www.healthydrinks.com.ec\/en\/wp-json\/wp\/v2\/media\/3562"}],"wp:attachment":[{"href":"https:\/\/www.healthydrinks.com.ec\/en\/wp-json\/wp\/v2\/media?parent=2402"}],"wp:term":[{"taxonomy":"product_cat","embeddable":true,"href":"https:\/\/www.healthydrinks.com.ec\/en\/wp-json\/wp\/v2\/product_cat?post=2402"},{"taxonomy":"product_tag","embeddable":true,"href":"https:\/\/www.healthydrinks.com.ec\/en\/wp-json\/wp\/v2\/product_tag?post=2402"}],"curies":[{"name":"wp","href":"https:\/\/api.w.org\/{rel}","templated":true}]}}