{"id":514,"date":"2023-04-10T11:46:09","date_gmt":"2023-04-10T11:46:09","guid":{"rendered":"https:\/\/www.healthydrinks.com.ec\/?post_type=product&#038;p=514"},"modified":"2025-10-21T15:00:31","modified_gmt":"2025-10-21T15:00:31","slug":"jugo-de-coco-355-ml-12-oz-12-unidades","status":"publish","type":"product","link":"https:\/\/www.healthydrinks.com.ec\/en\/comprar\/jugo-de-coco-355-ml-12-oz-12-unidades\/","title":{"rendered":"JUGO DE COCO 355 ml \/ 12 oz &#8211; 12 unidades"},"content":{"rendered":"<p>Este producto es obtenido de la diluci\u00f3n de la pulpa de coco , sin semillas ni cascara<br \/>\nconservando todas sus caracter\u00edsticas propias, con agua, az\u00facar y aditivos permitidos.<\/p>","protected":false},"excerpt":{"rendered":"<p>Este producto es obtenido de la diluci\u00f3n de la pulpa de coco , sin semillas ni cascara conservando todas sus caracter\u00edsticas propias, con agua, az\u00facar y aditivos permitidos.<\/p>","protected":false},"featured_media":3672,"comment_status":"open","ping_status":"closed","template":"","meta":{"_uag_custom_page_level_css":"","ub_ctt_via":""},"product_cat":[32],"product_tag":[24,26,29,31,40],"class_list":["post-514","product","type-product","status-publish","has-post-thumbnail","hentry","product_cat-jugos","product_tag-coco","product_tag-fresco","product_tag-healthy-drinks","product_tag-jugo","product_tag-natural","sales-flash-overlay","woocommerce-text-align-center","woocommerce-image-align-center","do-quantity-buttons"],"featured_image_urls":{"full":["https:\/\/www.healthydrinks.com.ec\/wp-content\/uploads\/2023\/04\/JUGO-DE-COCO-355ML-1.jpg",1200,1200,false],"thumbnail":["https:\/\/www.healthydrinks.com.ec\/wp-content\/uploads\/2023\/04\/JUGO-DE-COCO-355ML-1-150x150.jpg",150,150,true],"medium":["https:\/\/www.healthydrinks.com.ec\/wp-content\/uploads\/2023\/04\/JUGO-DE-COCO-355ML-1-300x300.jpg",300,300,true],"medium_large":["https:\/\/www.healthydrinks.com.ec\/wp-content\/uploads\/2023\/04\/JUGO-DE-COCO-355ML-1-768x768.jpg",768,768,true],"large":["https:\/\/www.healthydrinks.com.ec\/wp-content\/uploads\/2023\/04\/JUGO-DE-COCO-355ML-1-1024x1024.jpg",1024,1024,true],"1536x1536":["https:\/\/www.healthydrinks.com.ec\/wp-content\/uploads\/2023\/04\/JUGO-DE-COCO-355ML-1.jpg",1200,1200,false],"2048x2048":["https:\/\/www.healthydrinks.com.ec\/wp-content\/uploads\/2023\/04\/JUGO-DE-COCO-355ML-1.jpg",1200,1200,false],"trp-custom-language-flag":["https:\/\/www.healthydrinks.com.ec\/wp-content\/uploads\/2023\/04\/JUGO-DE-COCO-355ML-1-12x12.jpg",12,12,true],"woocommerce_thumbnail":["https:\/\/www.healthydrinks.com.ec\/wp-content\/uploads\/2023\/04\/JUGO-DE-COCO-355ML-1.jpg",1200,1200,false],"woocommerce_single":["https:\/\/www.healthydrinks.com.ec\/wp-content\/uploads\/2023\/04\/JUGO-DE-COCO-355ML-1.jpg",1200,1200,false],"woocommerce_gallery_thumbnail":["https:\/\/www.healthydrinks.com.ec\/wp-content\/uploads\/2023\/04\/JUGO-DE-COCO-355ML-1-100x100.jpg",100,100,true]},"post_excerpt_stackable":"<p>Este producto es obtenido de la diluci\u00f3n de la pulpa de coco , sin semillas ni cascara conservando todas sus caracter\u00edsticas propias, con agua, az\u00facar y aditivos permitidos.<\/p>\n","category_list":"","author_info":{"name":"","url":""},"comments_num":"0 comments","uagb_featured_image_src":{"full":["https:\/\/www.healthydrinks.com.ec\/wp-content\/uploads\/2023\/04\/JUGO-DE-COCO-355ML-1.jpg",1200,1200,false],"thumbnail":["https:\/\/www.healthydrinks.com.ec\/wp-content\/uploads\/2023\/04\/JUGO-DE-COCO-355ML-1-150x150.jpg",150,150,true],"medium":["https:\/\/www.healthydrinks.com.ec\/wp-content\/uploads\/2023\/04\/JUGO-DE-COCO-355ML-1-300x300.jpg",300,300,true],"medium_large":["https:\/\/www.healthydrinks.com.ec\/wp-content\/uploads\/2023\/04\/JUGO-DE-COCO-355ML-1-768x768.jpg",768,768,true],"large":["https:\/\/www.healthydrinks.com.ec\/wp-content\/uploads\/2023\/04\/JUGO-DE-COCO-355ML-1-1024x1024.jpg",1024,1024,true],"1536x1536":["https:\/\/www.healthydrinks.com.ec\/wp-content\/uploads\/2023\/04\/JUGO-DE-COCO-355ML-1.jpg",1200,1200,false],"2048x2048":["https:\/\/www.healthydrinks.com.ec\/wp-content\/uploads\/2023\/04\/JUGO-DE-COCO-355ML-1.jpg",1200,1200,false],"trp-custom-language-flag":["https:\/\/www.healthydrinks.com.ec\/wp-content\/uploads\/2023\/04\/JUGO-DE-COCO-355ML-1-12x12.jpg",12,12,true],"woocommerce_thumbnail":["https:\/\/www.healthydrinks.com.ec\/wp-content\/uploads\/2023\/04\/JUGO-DE-COCO-355ML-1.jpg",1200,1200,false],"woocommerce_single":["https:\/\/www.healthydrinks.com.ec\/wp-content\/uploads\/2023\/04\/JUGO-DE-COCO-355ML-1.jpg",1200,1200,false],"woocommerce_gallery_thumbnail":["https:\/\/www.healthydrinks.com.ec\/wp-content\/uploads\/2023\/04\/JUGO-DE-COCO-355ML-1-100x100.jpg",100,100,true]},"uagb_author_info":{"display_name":"darkyx","author_link":"https:\/\/www.healthydrinks.com.ec\/en\/author\/"},"uagb_comment_info":0,"uagb_excerpt":"Este producto es obtenido de la diluci\u00f3n de la pulpa de coco , sin semillas ni cascara conservando todas sus caracter\u00edsticas propias, con agua, az\u00facar y aditivos permitidos.","_links":{"self":[{"href":"https:\/\/www.healthydrinks.com.ec\/en\/wp-json\/wp\/v2\/product\/514","targetHints":{"allow":["GET"]}}],"collection":[{"href":"https:\/\/www.healthydrinks.com.ec\/en\/wp-json\/wp\/v2\/product"}],"about":[{"href":"https:\/\/www.healthydrinks.com.ec\/en\/wp-json\/wp\/v2\/types\/product"}],"replies":[{"embeddable":true,"href":"https:\/\/www.healthydrinks.com.ec\/en\/wp-json\/wp\/v2\/comments?post=514"}],"version-history":[{"count":0,"href":"https:\/\/www.healthydrinks.com.ec\/en\/wp-json\/wp\/v2\/product\/514\/revisions"}],"wp:featuredmedia":[{"embeddable":true,"href":"https:\/\/www.healthydrinks.com.ec\/en\/wp-json\/wp\/v2\/media\/3672"}],"wp:attachment":[{"href":"https:\/\/www.healthydrinks.com.ec\/en\/wp-json\/wp\/v2\/media?parent=514"}],"wp:term":[{"taxonomy":"product_cat","embeddable":true,"href":"https:\/\/www.healthydrinks.com.ec\/en\/wp-json\/wp\/v2\/product_cat?post=514"},{"taxonomy":"product_tag","embeddable":true,"href":"https:\/\/www.healthydrinks.com.ec\/en\/wp-json\/wp\/v2\/product_tag?post=514"}],"curies":[{"name":"wp","href":"https:\/\/api.w.org\/{rel}","templated":true}]}}